{"id":380,"date":"2016-03-08T10:29:27","date_gmt":"2016-03-08T07:29:27","guid":{"rendered":"http:\/\/demowp.cththemes.net\/monolit\/?page_id=380"},"modified":"2021-09-07T22:11:42","modified_gmt":"2021-09-07T19:11:42","slug":"anasayfa","status":"publish","type":"page","link":"https:\/\/nurettinucok.com\/","title":{"rendered":"Anasayfa"},"content":{"rendered":"<p>[vc_row full_width=&#8221;stretch_row&#8221; cth_layout=&#8221;monolit_fullheight_sec&#8221;][vc_column css=&#8221;.vc_custom_1455730804223{padding-right: 0px !important;padding-left: 0px !important;}&#8221;][monolit_home_slideshow slideimgs=&#8221;579,580,581,582,583,584,585,586,587,588,589,590&#8243;]<\/p>\n<h2>DA\u0130RE SATI\u015eLARIMIZ BA\u015eLAMI\u015eTIR AN\u0130TTA BEYTEPE<\/h2>\n<h3>info@nurettinucok.com<br \/>\n0(312) 236 64 01<\/h3>\n<div id=\"gtx-trans\" style=\"position: absolute; left: 153px; top: 114.812px;\">\n<div class=\"gtx-trans-icon\"><\/div>\n<\/div>\n<p>[\/monolit_home_slideshow][\/vc_column][\/vc_row][vc_row cth_layout=&#8221;monolit_page_sec&#8221; sec_number=&#8221;01&#8243; el_id=&#8221;sec1&#8243;][vc_column offset=&#8221;vc_col-md-4&#8243;][monolit_carousel_slider_multiimgs dots=&#8221;no&#8221; slideimages=&#8221;521,522,523,524,525,526,527,528,529,530,531,532,533&#8243;][\/vc_column][vc_column offset=&#8221;vc_col-md-8&#8243;][vc_column_text]<\/p>\n<h2 class=\"section-title\"><strong>NURETT\u0130N \u00dc\u00c7OK <\/strong>\u0130N\u015eAAT<\/h2>\n<p class=\"no-rep\">Kalite k\u00fclt\u00fcr\u00fc ve g\u00fcven anlay\u0131\u015f\u0131 sayesinde 31 y\u0131ld\u0131r b\u00fcy\u00fcmesini s\u00fcrd\u00fcrmektedir. Ser\u00fcvenine \u00c7orum&#8217;da ba\u015flayarak 2002&#8217;de Ankarada daha g\u00fc\u00e7l\u00fc \u015fekilde devam etmi\u015ftir. Ba\u015flad\u0131\u011f\u0131 t\u00fcm projelerinde En&#8217;leri ve \u0130lk&#8217;leri yapmay\u0131 hedef edinmi\u015f, t\u00fcm i\u015flerini ola\u011fan\u00fcst\u00fc teslim s\u00fcrelerinde tamamlam\u0131\u015f, ve hak sahiplerine teslimini sa\u011flayabilmi\u015ftir.<br \/>\nNurettin \u00dc\u00e7ok \u0130n\u015faat; yap\u0131lan t\u00fcm projelerde kaliteyi, g\u00fcveni, ba\u015far\u0131y\u0131 ve iyi bir hizmet sunmay\u0131 ilke edinip bug\u00fcne sa\u011flam ad\u0131mlarla gelmi\u015ftir. Yap\u0131lan projelerde konut kalitesinde seviyeyi y\u00fckseltip hedefleri do\u011frultusunda ilerlemeyi kendilerine yol olarak g\u00f6r\u00fcp y\u0131llar\u0131n getirdi\u011fi ba\u015far\u0131 ve g\u00fcven \u00fczerine kurulu sa\u011flam projeleri hedefleyen bir firmad\u0131r.<\/p>\n<div class=\"process-box\">\n<p>&nbsp;<\/p><\/div>\n<div><a class=\"btn anim-button fl-l\" style=\"color: black;\" title=\"Hakk\u0131m\u0131zda\" href=\"http:\/\/nurettinucok.com\/index.php\/hakkimizda\/\"><span class=\"no-rep\">Hakk\u0131m\u0131zda<\/span><i class=\"fa fa-long-arrow-right\" style=\"color: white;\"><\/i><\/a><\/div>\n<p>[\/vc_column_text][\/vc_column][\/vc_row][vc_row cth_layout=&#8221;monolit_page_sec&#8221; sec_number=&#8221;02&#8243; sec_number_pos=&#8221;left&#8221; css=&#8221;.vc_custom_1631041903035{background-color: #ffffff !important;}&#8221;][vc_column width=&#8221;2\/3&#8243;][vc_column_text]<\/p>\n<h2 class=\"section-title\"><strong>AN\u0130TTA BEYTEPE <\/strong><br \/>\nDA\u0130RE SATI\u015eLARIMIZ BA\u015eLAMI\u015eTIR<\/h2>\n<p class=\"no-rep\" style=\"font-size: 1rem;\"><strong>\u0130leti\u015fim<\/strong><\/p>\n<p>0(312) 236 64 01<br \/>\ninfo@nuretinucok.com<\/p>\n<div class=\"process-box\">\n<p>&nbsp;<\/p><\/div>\n<div><a class=\"btn anim-button fl-l\" title=\"<strong>\u0130leti\u015fim<\/strong>\" href=\"http:\/\/nurettinucok.com\/index.php\/iletisim\/\"><span class=\"no-rep\">Detay<\/span><i class=\"fa fa-long-arrow-right\"><\/i><\/a><\/div>\n<p>[\/vc_column_text][\/vc_column][vc_column width=&#8221;1\/3&#8243;][monolit_carousel_slider_multiimgs dots=&#8221;no&#8221; slideimages=&#8221;548&#8243;][\/vc_column][\/vc_row]<\/p>\n","protected":false},"excerpt":{"rendered":"<p>[vc_row full_width=&#8221;stretch_row&#8221; cth_layout=&#8221;monolit_fullheight_sec&#8221;][vc_column css=&#8221;.vc_custom_1455730804223{padding-right: 0px !important;padding-left: 0px !important;}&#8221;][monolit_home_slideshow slideimgs=&#8221;579,580,581,582,583,584,585,586,587,588,589,590&#8243;] DA\u0130RE SATI\u015eLARIMIZ BA\u015eLAMI\u015eTIR AN\u0130TTA BEYTEPE info@nurettinucok.com 0(312) 236 64 01 [\/monolit_home_slideshow][\/vc_column][\/vc_row][vc_row cth_layout=&#8221;monolit_page_sec&#8221; sec_number=&#8221;01&#8243; el_id=&#8221;sec1&#8243;][vc_column offset=&#8221;vc_col-md-4&#8243;][monolit_carousel_slider_multiimgs dots=&#8221;no&#8221; slideimages=&#8221;521,522,523,524,525,526,527,528,529,530,531,532,533&#8243;][\/vc_column][vc_column offset=&#8221;vc_col-md-8&#8243;][vc_column_text] NURETT\u0130N \u00dc\u00c7OK \u0130N\u015eAAT Kalite k\u00fclt\u00fcr\u00fc ve g\u00fcven anlay\u0131\u015f\u0131 sayesinde 31 y\u0131ld\u0131r b\u00fcy\u00fcmesini s\u00fcrd\u00fcrmektedir. Ser\u00fcvenine \u00c7orum&#8217;da ba\u015flayarak 2002&#8217;de Ankarada daha g\u00fc\u00e7l\u00fc \u015fekilde devam etmi\u015ftir. Ba\u015flad\u0131\u011f\u0131 t\u00fcm projelerinde En&#8217;leri ve [&hellip;]<\/p>\n","protected":false},"author":1,"featured_media":0,"parent":0,"menu_order":0,"comment_status":"closed","ping_status":"closed","template":"homepage.php","meta":{"_monsterinsights_skip_tracking":false,"_monsterinsights_sitenote_active":false,"_monsterinsights_sitenote_note":"","_monsterinsights_sitenote_category":0,"footnotes":""},"class_list":["post-380","page","type-page","status-publish","hentry"],"_links":{"self":[{"href":"https:\/\/nurettinucok.com\/index.php\/wp-json\/wp\/v2\/pages\/380","targetHints":{"allow":["GET"]}}],"collection":[{"href":"https:\/\/nurettinucok.com\/index.php\/wp-json\/wp\/v2\/pages"}],"about":[{"href":"https:\/\/nurettinucok.com\/index.php\/wp-json\/wp\/v2\/types\/page"}],"author":[{"embeddable":true,"href":"https:\/\/nurettinucok.com\/index.php\/wp-json\/wp\/v2\/users\/1"}],"replies":[{"embeddable":true,"href":"https:\/\/nurettinucok.com\/index.php\/wp-json\/wp\/v2\/comments?post=380"}],"version-history":[{"count":21,"href":"https:\/\/nurettinucok.com\/index.php\/wp-json\/wp\/v2\/pages\/380\/revisions"}],"predecessor-version":[{"id":743,"href":"https:\/\/nurettinucok.com\/index.php\/wp-json\/wp\/v2\/pages\/380\/revisions\/743"}],"wp:attachment":[{"href":"https:\/\/nurettinucok.com\/index.php\/wp-json\/wp\/v2\/media?parent=380"}],"curies":[{"name":"wp","href":"https:\/\/api.w.org\/{rel}","templated":true}]}}