{"id":75,"date":"2016-02-19T16:17:17","date_gmt":"2016-02-19T13:17:17","guid":{"rendered":"http:\/\/demowp.cththemes.net\/monolit\/?page_id=75"},"modified":"2021-09-07T19:00:00","modified_gmt":"2021-09-07T16:00:00","slug":"hakkimizda","status":"publish","type":"page","link":"https:\/\/nurettinucok.com\/index.php\/hakkimizda\/","title":{"rendered":"Hakk\u0131m\u0131zda"},"content":{"rendered":"<p>[vc_row cth_layout=&#8221;monolit_page_sec&#8221; sec_number=&#8221;01&#8243; el_id=&#8221;sec1&#8243;][vc_column offset=&#8221;vc_col-md-8&#8243;][vc_column_text]<\/p>\n<p class=\"no-rep\">Nurettin \u00dc\u00c7OK: \u00c7orum do\u011fumlu olan Nurettin \u00dc\u00c7OK, ilk ve ortaokulu \u00c7orum&#8217;da, lise ve \u00fcniversiteyi Ankara&#8217;da bitirerek, erken ya\u015fta i\u015f hayat\u0131na at\u0131lm\u0131\u015ft\u0131r. Ankara&#8217;da 16 y\u0131l memuriyetten sonra, memleketi \u00c7orum&#8217;a d\u00f6nerek, serbest ticari hayata ge\u00e7mi\u015f, 1983 y\u0131l\u0131nda ba\u015flad\u0131\u011f\u0131 mali m\u00fc\u015favirlik faaliyetinin faaliyete ba\u015flam\u0131\u015ft\u0131r.<\/p>\n<p>G\u00fcven \u00dc\u00c7OK: 10 Temmuz 1985 y\u0131l\u0131nda \u00c7orum&#8217;da do\u011fdu. \u0130lk, orta ve lise d\u00f6nemini \u00c7orum&#8217;da tamamlad\u0131. 2004 y\u0131l\u0131nda \u00c7ankaya \u00dcniversitesi uluslararas\u0131 ticaret b\u00f6l\u00fcm\u00fcn\u00fc kazanarak \u00f6\u011frenim i\u00e7in Ankara&#8217;ya yerle\u015fti. 2009 y\u0131l\u0131nda tamamlayarak Nurettin \u00dc\u00c7OK \u0130n\u015faat&#8217;ta aktif i\u015f hayat\u0131na ba\u015flad\u0131.<\/p>\n<p>1987 y\u0131l\u0131ndan ba\u015flayarak \u00c7orum&#8217;da yap\u0131lan binalar \u00e7ok be\u011fenilmi\u015f, ola\u011fan\u00fcst\u00fc prim yapm\u0131\u015ft\u0131r. Bundan cesaret alan Nurettin \u00dc\u00c7OK, 2002 y\u0131l\u0131nda Ankara&#8217;ya gelip, \u00c7ayyolu&#8217;nda ortaklar\u0131 ile beraber 14 ayda, tamamlad\u0131\u011f\u0131 ilk proje olan 102 dairelik Anittapark site projesini hayata ge\u00e7irmi\u015ftir. Devam\u0131nda, 2005 y\u0131l\u0131nda in\u015faat ruhsat\u0131 al\u0131narak 103 dairelik Arinnapark projesine ba\u015flam\u0131\u015f, 18 ay gibi k\u0131sa bir s\u00fcrede in\u015faat bitirilerek 2007 Temmuz ay\u0131nda iskan\u0131 al\u0131nm\u0131\u015f ve daireler hak sahiplerine teslim edilmi\u015ftir. Her iki proje de Ankara&#8217;da konut kalitesinde seviyeyi y\u00fckseltmi\u015f ve sahiplerine y\u00fczde y\u00fcze yak\u0131n prim sa\u011flam\u0131\u015ft\u0131r. \u0130n\u015faatta kalite ve g\u00fcveni prensip haline getiren Nurettin \u00dc\u00c7OK, bu prensibinden asla taviz vermeden, yeni ortaklar\u0131yla beraber 2012 y\u0131l\u0131nda Kapadokya Villalar\u0131 projesine ba\u015flam\u0131\u015f ve 2015 y\u0131l\u0131nda tamamlayarak sahiplerine teslim etmi\u015ftir. Ankara&#8217;n\u0131n nadir kalan kupon yerlerinden biri olan Beysukent&#8217;te yap\u0131m\u0131na ba\u015flanan Kapadokya Villalar\u0131, mimari konseptiyle, \u00e7evreci \u00e7\u00f6z\u00fcmleri ve konumuyla Ankara&#8217;n\u0131n en nitelikli projelerinden biri olmu\u015f, 2015 y\u0131l\u0131nda tamamlanm\u0131\u015f ve tamam\u0131 sat\u0131lm\u0131\u015ft\u0131r. Ayn\u0131 zamanda 2012 y\u0131l\u0131nda Ankara Ba\u011fl\u0131ca mevkiinde 42 daireden olu\u015fan G\u00fcvenPark Residence projesine ba\u015flanm\u0131\u015f, 2014 y\u0131l\u0131nda tamamlanarak hak sahiplerine teslim edilmi\u015ftir.[\/vc_column_text][\/vc_column][vc_column offset=&#8221;vc_col-md-4&#8243;][monolit_parallax_box box_pos=&#8221;center&#8221;]<img loading=\"lazy\" decoding=\"async\" class=\"respimg alignnone wp-image-553 size-full\" src=\"http:\/\/nurettinucok.com\/wp-content\/uploads\/2021\/09\/1-1.jpg\" alt=\"\" width=\"1200\" height=\"640\" srcset=\"https:\/\/nurettinucok.com\/wp-content\/uploads\/2021\/09\/1-1.jpg 1200w, https:\/\/nurettinucok.com\/wp-content\/uploads\/2021\/09\/1-1-300x160.jpg 300w, https:\/\/nurettinucok.com\/wp-content\/uploads\/2021\/09\/1-1-1024x546.jpg 1024w, https:\/\/nurettinucok.com\/wp-content\/uploads\/2021\/09\/1-1-768x410.jpg 768w\" sizes=\"auto, (max-width: 1200px) 100vw, 1200px\" \/>[\/monolit_parallax_box][\/vc_column][\/vc_row][vc_row cth_layout=&#8221;monolit_page_dark_sec&#8221; parallax_inner_op=&#8221;0.8&#8243; sec_number=&#8221;02&#8243; sec_number_pos=&#8221;left&#8221; parallax_inner=&#8221;13&#8243; el_id=&#8221;sec2&#8243;][vc_column][vc_row_inner][vc_column_inner][vc_column_text]<\/p>\n<h2 class=\"section-title\">NURETT\u0130N \u00dc\u00c7OK \u0130N\u015eAAT<\/h2>\n<p>[\/vc_column_text][\/vc_column_inner][\/vc_row_inner][\/vc_column][\/vc_row][vc_row cth_layout=&#8221;monolit_page_sec&#8221; sec_number=&#8221;03&#8243; el_id=&#8221;sec4&#8243;][vc_column][vc_column_text]<\/p>\n<h2 class=\"section-title dec-title\"><span class=\"no-rep\"> <strong> TAR\u0130H\u00c7EM\u0130Z<\/strong><\/span><\/h2>\n<p class=\"no-rep\">[\/vc_column_text][monolit_timelines count=&#8221;5&#8243; order=&#8221;ASC&#8221;][vc_column_text]<\/p>\n<div class=\"custom-link-holder\"><a class=\"btn anim-button\" title=\"<strong>\u0130leti\u015fim<\/strong>\" href=\"http:\/\/nurettinucok.com\/index.php\/iletisim\/\" data-top-bottom=\"transform: translateY(-50px);\" data-bottom-top=\"transform: translateY(50px);\"><span class=\"no-rep\">\u0130leti\u015fim<\/span><i class=\"fa fa-long-arrow-right\"><\/i><\/a><\/div>\n<p>[\/vc_column_text][\/vc_column][\/vc_row]<\/p>\n","protected":false},"excerpt":{"rendered":"<p>[vc_row cth_layout=&#8221;monolit_page_sec&#8221; sec_number=&#8221;01&#8243; el_id=&#8221;sec1&#8243;][vc_column offset=&#8221;vc_col-md-8&#8243;][vc_column_text] Nurettin \u00dc\u00c7OK: \u00c7orum do\u011fumlu olan Nurettin \u00dc\u00c7OK, ilk ve ortaokulu \u00c7orum&#8217;da, lise ve \u00fcniversiteyi Ankara&#8217;da bitirerek, erken ya\u015fta i\u015f hayat\u0131na at\u0131lm\u0131\u015ft\u0131r. Ankara&#8217;da 16 y\u0131l memuriyetten sonra, memleketi \u00c7orum&#8217;a d\u00f6nerek, serbest ticari hayata ge\u00e7mi\u015f, 1983 y\u0131l\u0131nda ba\u015flad\u0131\u011f\u0131 mali m\u00fc\u015favirlik faaliyetinin faaliyete ba\u015flam\u0131\u015ft\u0131r. G\u00fcven \u00dc\u00c7OK: 10 Temmuz 1985 y\u0131l\u0131nda \u00c7orum&#8217;da do\u011fdu. \u0130lk, [&hellip;]<\/p>\n","protected":false},"author":1,"featured_media":0,"parent":0,"menu_order":0,"comment_status":"closed","ping_status":"closed","template":"page-fullwidth.php","meta":{"_monsterinsights_skip_tracking":false,"_monsterinsights_sitenote_active":false,"_monsterinsights_sitenote_note":"","_monsterinsights_sitenote_category":0,"footnotes":""},"class_list":["post-75","page","type-page","status-publish","hentry"],"_links":{"self":[{"href":"https:\/\/nurettinucok.com\/index.php\/wp-json\/wp\/v2\/pages\/75","targetHints":{"allow":["GET"]}}],"collection":[{"href":"https:\/\/nurettinucok.com\/index.php\/wp-json\/wp\/v2\/pages"}],"about":[{"href":"https:\/\/nurettinucok.com\/index.php\/wp-json\/wp\/v2\/types\/page"}],"author":[{"embeddable":true,"href":"https:\/\/nurettinucok.com\/index.php\/wp-json\/wp\/v2\/users\/1"}],"replies":[{"embeddable":true,"href":"https:\/\/nurettinucok.com\/index.php\/wp-json\/wp\/v2\/comments?post=75"}],"version-history":[{"count":11,"href":"https:\/\/nurettinucok.com\/index.php\/wp-json\/wp\/v2\/pages\/75\/revisions"}],"predecessor-version":[{"id":567,"href":"https:\/\/nurettinucok.com\/index.php\/wp-json\/wp\/v2\/pages\/75\/revisions\/567"}],"wp:attachment":[{"href":"https:\/\/nurettinucok.com\/index.php\/wp-json\/wp\/v2\/media?parent=75"}],"curies":[{"name":"wp","href":"https:\/\/api.w.org\/{rel}","templated":true}]}}